{"id":178,"date":"2022-03-01T18:12:30","date_gmt":"2022-03-01T18:12:30","guid":{"rendered":"http:\/\/expo_du_quebec.localhost\/?page_id=178"},"modified":"2026-04-08T11:06:25","modified_gmt":"2026-04-08T15:06:25","slug":"member-services","status":"publish","type":"page","link":"https:\/\/expoduquebec.com\/en\/member-services\/","title":{"rendered":"Member Services"},"content":{"rendered":"\n<h2 class=\"wp-block-heading\">Training adapted to your reality<\/h2>\n\n\n\n<p>The AEAQ is present for its members for all sorts of various training. We have held workshops on human&nbsp;resources training, social media best practices and technological workshops.<\/p>\n\n\n\n<h2 class=\"wp-block-heading\">Representation with government authorities<\/h2>\n\n\n\n<p>With government authorities, the AEAQ is called upon to represent its members and to negotiate, particularly with the Minist\u00e8re de l&#8217;Agriculture, des P\u00eacheries et de l&#8217;Alimentation du Qu\u00e9bec (MAPAQ) in the context of the preparation and implementation of the annually renewed Financial Support Program for Agricultural Exhibitions. The Association also collaborates regularly with breeders&#8217; associations in the development of norms and standards for the holding of competitions and judging during shows.<\/p>\n\n\n\n<h2 class=\"wp-block-heading\">Liability insurance<\/h2>\n\n\n\n<p>Directors&#8217; and officers&#8217; liability insurance is purchased annually by the AEAQ to cover all directors of each member agricultural exhibition.<\/p>\n\n\n\n<p>The AEAQ&#8217;s mission is to foster the growth of its members throughout Quebec by exercising leadership and influence with government officials and industry partners. It also aims to become a key service and exchange centre for agricultural exhibitions in Quebec.<\/p>\n\n\n\n<div style=\"height:20px\" aria-hidden=\"true\" class=\"wp-block-spacer\"><\/div>\n\n\n\n<p><strong>To register your association as a member, click here \u2b07\ufe0f<\/strong><br><a href=\"https:\/\/expoduquebec.com\/en\/member-portal\/user-creation-request\/\">https:\/\/expoduquebec.com\/en\/member-portal\/user-creation-request<\/a><\/p>\n","protected":false},"excerpt":{"rendered":"","protected":false},"author":2,"featured_media":0,"parent":0,"menu_order":0,"comment_status":"closed","ping_status":"closed","template":"","meta":{"_acf_changed":false,"footnotes":""},"class_list":["post-178","page","type-page","status-publish","hentry"],"acf":[],"_links":{"self":[{"href":"https:\/\/expoduquebec.com\/en\/wp-json\/wp\/v2\/pages\/178","targetHints":{"allow":["GET"]}}],"collection":[{"href":"https:\/\/expoduquebec.com\/en\/wp-json\/wp\/v2\/pages"}],"about":[{"href":"https:\/\/expoduquebec.com\/en\/wp-json\/wp\/v2\/types\/page"}],"author":[{"embeddable":true,"href":"https:\/\/expoduquebec.com\/en\/wp-json\/wp\/v2\/users\/2"}],"replies":[{"embeddable":true,"href":"https:\/\/expoduquebec.com\/en\/wp-json\/wp\/v2\/comments?post=178"}],"version-history":[{"count":4,"href":"https:\/\/expoduquebec.com\/en\/wp-json\/wp\/v2\/pages\/178\/revisions"}],"predecessor-version":[{"id":1636,"href":"https:\/\/expoduquebec.com\/en\/wp-json\/wp\/v2\/pages\/178\/revisions\/1636"}],"wp:attachment":[{"href":"https:\/\/expoduquebec.com\/en\/wp-json\/wp\/v2\/media?parent=178"}],"curies":[{"name":"wp","href":"https:\/\/api.w.org\/{rel}","templated":true}]}}